{"id":105806,"date":"2019-09-13T11:20:23","date_gmt":"2019-09-13T11:20:23","guid":{"rendered":"https:\/\/sipoonautovuokraamo.fi\/kontakt\/"},"modified":"2024-04-22T13:09:07","modified_gmt":"2024-04-22T13:09:07","slug":"kontakt","status":"publish","type":"page","link":"https:\/\/sipoonautovuokraamo.fi\/sv\/kontakt\/","title":{"rendered":"Kontakt"},"content":{"rendered":"<p>[et_pb_section fb_built=&#8221;1&#8243; _builder_version=&#8221;4.16&#8243; background_image=&#8221;https:\/\/sipoonautovuokraamo.fi\/wp-content\/uploads\/2022\/02\/pakettiautot-linjassa.jpg&#8221; background_repeat=&#8221;repeat&#8221; custom_padding=&#8221;||0px||false|false&#8221; da_disable_devices=&#8221;off|off|off&#8221; global_colors_info=&#8221;{}&#8221; da_is_popup=&#8221;off&#8221; da_exit_intent=&#8221;off&#8221; da_has_close=&#8221;on&#8221; da_alt_close=&#8221;off&#8221; da_dark_close=&#8221;off&#8221; da_not_modal=&#8221;on&#8221; da_is_singular=&#8221;off&#8221; da_with_loader=&#8221;off&#8221; da_has_shadow=&#8221;on&#8221;][et_pb_row _builder_version=&#8221;4.16&#8243; custom_padding=&#8221;||0px||false|false&#8221; global_colors_info=&#8221;{}&#8221;][et_pb_column type=&#8221;4_4&#8243; _builder_version=&#8221;4.16&#8243; global_colors_info=&#8221;{}&#8221;][et_pb_text module_class=&#8221;dct_header&#8221; _builder_version=&#8221;4.16&#8243; text_font=&#8221;||||||||&#8221; header_font=&#8221;||||||||&#8221; background_enable_color=&#8221;off&#8221; text_orientation=&#8221;center&#8221; max_width=&#8221;550px&#8221; module_alignment=&#8221;center&#8221; custom_padding=&#8221;20px||20px||true|false&#8221; global_colors_info=&#8221;{}&#8221;]<\/p>\n<h1>Kontaktinformation<\/h1>\n<p>[\/et_pb_text][\/et_pb_column][\/et_pb_row][\/et_pb_section][et_pb_section fb_built=&#8221;1&#8243; module_id=&#8221;dct_contact&#8221; _builder_version=&#8221;4.16&#8243; custom_padding=&#8221;||66px|||&#8221; da_disable_devices=&#8221;off|off|off&#8221; global_colors_info=&#8221;{}&#8221; da_is_popup=&#8221;off&#8221; da_exit_intent=&#8221;off&#8221; da_has_close=&#8221;on&#8221; da_alt_close=&#8221;off&#8221; da_dark_close=&#8221;off&#8221; da_not_modal=&#8221;on&#8221; da_is_singular=&#8221;off&#8221; da_with_loader=&#8221;off&#8221; da_has_shadow=&#8221;on&#8221;][et_pb_row column_structure=&#8221;2_3,1_3&#8243; use_custom_gutter=&#8221;on&#8221; make_equal=&#8221;on&#8221; _builder_version=&#8221;4.16&#8243; max_width=&#8221;1170px&#8221; global_colors_info=&#8221;{}&#8221;][et_pb_column type=&#8221;2_3&#8243; _builder_version=&#8221;4.16&#8243; global_colors_info=&#8221;{}&#8221;][et_pb_text module_class=&#8221;dct_title&#8221; _builder_version=&#8221;4.16&#8243; text_font=&#8221;|||on|||||&#8221; header_2_font=&#8221;|||on|||||&#8221; header_2_text_color=&#8221;#111111&#8243; header_2_font_size=&#8221;30px&#8221; header_2_line_height=&#8221;35px&#8221; max_width_tablet=&#8221;&#8221; max_width_phone=&#8221;&#8221; max_width_last_edited=&#8221;on|desktop&#8221; custom_margin=&#8221;||10px||false|false&#8221; custom_padding=&#8221;||0px||false|false&#8221; header_2_font_size_tablet=&#8221;25px&#8221; header_2_font_size_phone=&#8221;17px&#8221; header_2_font_size_last_edited=&#8221;on|phone&#8221; header_2_line_height_tablet=&#8221;30px&#8221; header_2_line_height_phone=&#8221;30px&#8221; header_2_line_height_last_edited=&#8221;on|tablet&#8221; global_colors_info=&#8221;{}&#8221; header_2_letter_spacing__hover_enabled=&#8221;on|desktop&#8221;]<\/p>\n<p>&nbsp;<\/p>\n<h2><strong>Skicka ett meddelande<br \/><\/strong><\/h2>\n<p>[\/et_pb_text][et_pb_contact_form email=&#8221;info@sipoonautovuokraamo.fi&#8221; success_message=&#8221;Tack f\u00f6r ditt inl\u00e4gg, vi \u00e5terkommer snart!&#8221; submit_button_text=&#8221;skicka ett meddelande&#8221; _builder_version=&#8221;4.24.0&#8243; _unique_id=&#8221;b5298b7f-85ed-451d-b299-329778a37d5c&#8221; form_field_background_color=&#8221;#ffffff&#8221; custom_button=&#8221;on&#8221; button_text_size=&#8221;15px&#8221; button_text_color=&#8221;#ffffff&#8221; button_border_radius=&#8221;5px&#8221; button_use_icon=&#8221;off&#8221; button_custom_padding=&#8221;|40px||40px|false|false&#8221; custom_margin=&#8221;||20px||false|false&#8221; hover_enabled=&#8221;0&#8243; custom_css_contact_button=&#8221;background:var(&#8211;color-1);||border-color:var(&#8211;color-1);&#8221; border_width_bottom=&#8221;1px&#8221; border_color_bottom=&#8221;rgba(0,0,0,0.2)&#8221; global_colors_info=&#8221;{}&#8221; custom_css_contact_button__hover=&#8221;background:var(&#8211;color-2);||border-color:var(&#8211;color-2);&#8221; custom_css_contact_button__hover_enabled=&#8221;on|hover&#8221; sticky_enabled=&#8221;0&#8243;][et_pb_contact_field field_id=&#8221;Name&#8221; field_title=&#8221;namn&#8221; fullwidth_field=&#8221;on&#8221; _builder_version=&#8221;4.16&#8243; global_colors_info=&#8221;{}&#8221; button_text_size__hover_enabled=&#8221;off&#8221; button_one_text_size__hover_enabled=&#8221;off&#8221; button_two_text_size__hover_enabled=&#8221;off&#8221; button_text_color__hover_enabled=&#8221;off&#8221; button_one_text_color__hover_enabled=&#8221;off&#8221; button_two_text_color__hover_enabled=&#8221;off&#8221; button_border_width__hover_enabled=&#8221;off&#8221; button_one_border_width__hover_enabled=&#8221;off&#8221; button_two_border_width__hover_enabled=&#8221;off&#8221; button_border_color__hover_enabled=&#8221;off&#8221; button_one_border_color__hover_enabled=&#8221;off&#8221; button_two_border_color__hover_enabled=&#8221;off&#8221; button_border_radius__hover_enabled=&#8221;off&#8221; button_one_border_radius__hover_enabled=&#8221;off&#8221; button_two_border_radius__hover_enabled=&#8221;off&#8221; button_letter_spacing__hover_enabled=&#8221;off&#8221; button_one_letter_spacing__hover_enabled=&#8221;off&#8221; button_two_letter_spacing__hover_enabled=&#8221;off&#8221; button_bg_color__hover_enabled=&#8221;off&#8221; button_one_bg_color__hover_enabled=&#8221;off&#8221; button_two_bg_color__hover_enabled=&#8221;off&#8221;][\/et_pb_contact_field][et_pb_contact_field field_id=&#8221;Phone&#8221; field_title=&#8221;Telefonnummer&#8221; allowed_symbols=&#8221;numbers&#8221; fullwidth_field=&#8221;on&#8221; _builder_version=&#8221;4.16&#8243; global_colors_info=&#8221;{}&#8221; button_text_size__hover_enabled=&#8221;off&#8221; button_one_text_size__hover_enabled=&#8221;off&#8221; button_two_text_size__hover_enabled=&#8221;off&#8221; button_text_color__hover_enabled=&#8221;off&#8221; button_one_text_color__hover_enabled=&#8221;off&#8221; button_two_text_color__hover_enabled=&#8221;off&#8221; button_border_width__hover_enabled=&#8221;off&#8221; button_one_border_width__hover_enabled=&#8221;off&#8221; button_two_border_width__hover_enabled=&#8221;off&#8221; button_border_color__hover_enabled=&#8221;off&#8221; button_one_border_color__hover_enabled=&#8221;off&#8221; button_two_border_color__hover_enabled=&#8221;off&#8221; button_border_radius__hover_enabled=&#8221;off&#8221; button_one_border_radius__hover_enabled=&#8221;off&#8221; button_two_border_radius__hover_enabled=&#8221;off&#8221; button_letter_spacing__hover_enabled=&#8221;off&#8221; button_one_letter_spacing__hover_enabled=&#8221;off&#8221; button_two_letter_spacing__hover_enabled=&#8221;off&#8221; button_bg_color__hover_enabled=&#8221;off&#8221; button_one_bg_color__hover_enabled=&#8221;off&#8221; button_two_bg_color__hover_enabled=&#8221;off&#8221;][\/et_pb_contact_field][et_pb_contact_field field_id=&#8221;Email&#8221; field_title=&#8221;E-post&#8221; field_type=&#8221;email&#8221; fullwidth_field=&#8221;on&#8221; _builder_version=&#8221;4.16&#8243; global_colors_info=&#8221;{}&#8221; button_text_size__hover_enabled=&#8221;off&#8221; button_one_text_size__hover_enabled=&#8221;off&#8221; button_two_text_size__hover_enabled=&#8221;off&#8221; button_text_color__hover_enabled=&#8221;off&#8221; button_one_text_color__hover_enabled=&#8221;off&#8221; button_two_text_color__hover_enabled=&#8221;off&#8221; button_border_width__hover_enabled=&#8221;off&#8221; button_one_border_width__hover_enabled=&#8221;off&#8221; button_two_border_width__hover_enabled=&#8221;off&#8221; button_border_color__hover_enabled=&#8221;off&#8221; button_one_border_color__hover_enabled=&#8221;off&#8221; button_two_border_color__hover_enabled=&#8221;off&#8221; button_border_radius__hover_enabled=&#8221;off&#8221; button_one_border_radius__hover_enabled=&#8221;off&#8221; button_two_border_radius__hover_enabled=&#8221;off&#8221; button_letter_spacing__hover_enabled=&#8221;off&#8221; button_one_letter_spacing__hover_enabled=&#8221;off&#8221; button_two_letter_spacing__hover_enabled=&#8221;off&#8221; button_bg_color__hover_enabled=&#8221;off&#8221; button_one_bg_color__hover_enabled=&#8221;off&#8221; button_two_bg_color__hover_enabled=&#8221;off&#8221;][\/et_pb_contact_field][et_pb_contact_field field_id=&#8221;Message&#8221; field_title=&#8221;Meddelande&#8221; field_type=&#8221;text&#8221; fullwidth_field=&#8221;on&#8221; _builder_version=&#8221;4.16&#8243; global_colors_info=&#8221;{}&#8221; button_text_size__hover_enabled=&#8221;off&#8221; button_one_text_size__hover_enabled=&#8221;off&#8221; button_two_text_size__hover_enabled=&#8221;off&#8221; button_text_color__hover_enabled=&#8221;off&#8221; button_one_text_color__hover_enabled=&#8221;off&#8221; button_two_text_color__hover_enabled=&#8221;off&#8221; button_border_width__hover_enabled=&#8221;off&#8221; button_one_border_width__hover_enabled=&#8221;off&#8221; button_two_border_width__hover_enabled=&#8221;off&#8221; button_border_color__hover_enabled=&#8221;off&#8221; button_one_border_color__hover_enabled=&#8221;off&#8221; button_two_border_color__hover_enabled=&#8221;off&#8221; button_border_radius__hover_enabled=&#8221;off&#8221; button_one_border_radius__hover_enabled=&#8221;off&#8221; button_two_border_radius__hover_enabled=&#8221;off&#8221; button_letter_spacing__hover_enabled=&#8221;off&#8221; button_one_letter_spacing__hover_enabled=&#8221;off&#8221; button_two_letter_spacing__hover_enabled=&#8221;off&#8221; button_bg_color__hover_enabled=&#8221;off&#8221; button_one_bg_color__hover_enabled=&#8221;off&#8221; button_two_bg_color__hover_enabled=&#8221;off&#8221;][\/et_pb_contact_field][\/et_pb_contact_form][et_pb_team_member name=&#8221;Rick Eriksson&#8221; position=&#8221;F\u00f6retagare&#8221; image_url=&#8221;https:\/\/sipoonautovuokraamo.fi\/wp-content\/uploads\/2022\/04\/Rick-Eriksson.jpg&#8221; disabled_on=&#8221;on|on|off&#8221; _builder_version=&#8221;4.17.0&#8243; _module_preset=&#8221;default&#8221; global_colors_info=&#8221;{}&#8221;][\/et_pb_team_member][\/et_pb_column][et_pb_column type=&#8221;1_3&#8243; _builder_version=&#8221;4.16&#8243; custom_css_main_element=&#8221;border: 1px solid ||#dddddd;||||border-radius: 4px;||||padding: 35px 40px 40px;||box-shadow: 0 5px 30px rgba(0,0,0,.1);||transition: all 500ms ease;&#8221; border_radii=&#8221;on|5px|5px|5px|5px&#8221; global_colors_info=&#8221;{}&#8221; custom_css_main_element__hover_enabled=&#8221;on|hover&#8221; custom_css_main_element__hover=&#8221;box-shadow: 0 5px 30px rgba(0,0,0,.2);||transform: translateY(-10px);&#8221;][et_pb_blurb title=&#8221;Telefon:&#8221; use_icon=&#8221;on&#8221; font_icon=&#8221;&#xe090;||divi||400&#8243; icon_color=&#8221;#ffffff&#8221; icon_placement=&#8221;left&#8221; image_icon_width=&#8221;15px&#8221; content_max_width=&#8221;100%&#8221; module_class=&#8221;dc_line&#8221; _builder_version=&#8221;4.17.0&#8243; header_font=&#8221;|||on|||||&#8221; body_font=&#8221;||||||||&#8221; body_font_size=&#8221;15px&#8221; body_line_height=&#8221;26px&#8221; custom_margin=&#8221;||20px||false|false&#8221; custom_padding=&#8221;10px||26px||false|false&#8221; animation=&#8221;off&#8221; custom_css_before=&#8221;content:&#8221;;||position:absolute;||background-color:var(&#8211;color-2);||width:10px;||height:3px;||top:20px;||left:-40px&#8221; custom_css_main_element=&#8221;||position:relative;||&#8221; custom_css_blurb_image=&#8221;margin-bottom:0px;||&#8221; custom_css_blurb_title=&#8221;color:var(&#8211;color-2) !important;&#8221; border_width_bottom=&#8221;1px&#8221; border_color_bottom=&#8221;#ddd&#8221; icon_font_size=&#8221;15px&#8221; global_colors_info=&#8221;{}&#8221;]<\/p>\n<p><a href=\"tel:+358451226881\">+358 <span class=\"intro-text\">45 122 6881<\/span><\/a><\/p>\n<p>[\/et_pb_blurb][et_pb_blurb title=&#8221;E-post:&#8221; use_icon=&#8221;on&#8221; font_icon=&#8221;&#xe076;||divi||400&#8243; icon_color=&#8221;#ffffff&#8221; icon_placement=&#8221;left&#8221; image_icon_width=&#8221;15px&#8221; content_max_width=&#8221;100%&#8221; module_class=&#8221;dc_line&#8221; _builder_version=&#8221;4.17.0&#8243; header_font=&#8221;|||on|||||&#8221; body_font=&#8221;||||||||&#8221; body_font_size=&#8221;15px&#8221; body_line_height=&#8221;26px&#8221; custom_margin=&#8221;||20px||false|false&#8221; custom_padding=&#8221;10px||26px||false|false&#8221; animation=&#8221;off&#8221; custom_css_before=&#8221;content:&#8221;;||position:absolute;||background-color:var(&#8211;color-2);||width:10px;||height:3px;||top:20px;||left:-40px&#8221; custom_css_main_element=&#8221;||position:relative;||&#8221; custom_css_blurb_image=&#8221;margin-bottom:0px;||&#8221; custom_css_blurb_title=&#8221;color:var(&#8211;color-2) !important;&#8221; border_width_bottom=&#8221;1px&#8221; border_color_bottom=&#8221;#ddd&#8221; icon_font_size=&#8221;15px&#8221; global_colors_info=&#8221;{}&#8221;]<\/p>\n<p><a href=\"mailto:info@sipoonautovuokraamo.fi\">info@sipoonautovuokraamo.fi<\/a><\/p>\n<p>[\/et_pb_blurb][et_pb_blurb title=&#8221;Adress:&#8221; use_icon=&#8221;on&#8221; font_icon=&#8221;&#xe081;||divi||400&#8243; icon_color=&#8221;#ffffff&#8221; icon_placement=&#8221;left&#8221; image_icon_width=&#8221;15px&#8221; content_max_width=&#8221;100%&#8221; module_class=&#8221;dc_line&#8221; _builder_version=&#8221;4.17.0&#8243; header_font=&#8221;|||on|||||&#8221; body_font=&#8221;||||||||&#8221; body_font_size=&#8221;15px&#8221; body_line_height=&#8221;26px&#8221; custom_margin=&#8221;||20px||false|false&#8221; custom_padding=&#8221;10px||26px||false|false&#8221; animation=&#8221;off&#8221; custom_css_before=&#8221;content:&#8221;;||position:absolute;||background-color:var(&#8211;color-2);||width:10px;||height:3px;||top:20px;||left:-40px&#8221; custom_css_main_element=&#8221;||position:relative;||&#8221; custom_css_blurb_image=&#8221;margin-bottom:0px;||&#8221; custom_css_blurb_title=&#8221;color:var(&#8211;color-2) !important;&#8221; border_width_bottom=&#8221;1px&#8221; border_color_bottom=&#8221;#ddd&#8221; icon_font_size=&#8221;15px&#8221; global_colors_info=&#8221;{}&#8221;]<\/p>\n<p>Nickbyv\u00e4gen 39<br \/>04130 Sipoo<\/p>\n<p>[\/et_pb_blurb][et_pb_blurb title=&#8221;\u00d6ppettider:&#8221; use_icon=&#8221;on&#8221; font_icon=&#8221;&#xe06b;||divi||400&#8243; icon_color=&#8221;#ffffff&#8221; icon_placement=&#8221;left&#8221; image_icon_width=&#8221;15px&#8221; content_max_width=&#8221;100%&#8221; module_class=&#8221;dc_line&#8221; _builder_version=&#8221;4.17.0&#8243; header_font=&#8221;|||on|||||&#8221; body_font=&#8221;||||||||&#8221; body_font_size=&#8221;15px&#8221; body_line_height=&#8221;26px&#8221; custom_margin=&#8221;||20px||false|false&#8221; custom_padding=&#8221;10px||26px||false|false&#8221; animation=&#8221;off&#8221; custom_css_before=&#8221;content:&#8221;;||position:absolute;||background-color:var(&#8211;color-2);||width:10px;||height:3px;||top:20px;||left:-40px&#8221; custom_css_main_element=&#8221;||position:relative;||&#8221; custom_css_blurb_image=&#8221;margin-bottom:0px;||&#8221; custom_css_blurb_title=&#8221;color:var(&#8211;color-2) !important;&#8221; border_width_bottom=&#8221;1px&#8221; border_color_bottom=&#8221;#ddd&#8221; icon_font_size=&#8221;15px&#8221; global_colors_info=&#8221;{}&#8221;]<\/p>\n<p>M\u00e5n-fre: kl. 09.00 till 19.00<br \/>L\u00f6r-s\u00f6n: kl. 09.00 till 18.00<\/p>\n<p>Vi \u00f6verl\u00e5ter bilar ocks\u00e5 utanf\u00f6r dessa tider.<\/p>\n<p>[\/et_pb_blurb][et_pb_blurb title=&#8221;F\u00f6retag:&#8221; use_icon=&#8221;on&#8221; font_icon=&#8221;&#xe060;||divi||400&#8243; icon_color=&#8221;#ffffff&#8221; icon_placement=&#8221;left&#8221; image_icon_width=&#8221;15px&#8221; content_max_width=&#8221;100%&#8221; module_class=&#8221;dc_line&#8221; _builder_version=&#8221;4.17.0&#8243; header_font=&#8221;|||on|||||&#8221; body_font=&#8221;||||||||&#8221; body_font_size=&#8221;15px&#8221; body_line_height=&#8221;26px&#8221; custom_margin=&#8221;||20px||false|false&#8221; custom_padding=&#8221;10px||26px||false|false&#8221; animation=&#8221;off&#8221; custom_css_before=&#8221;content:&#8221;;||position:absolute;||background-color:var(&#8211;color-2);||width:10px;||height:3px;||top:20px;||left:-40px&#8221; custom_css_main_element=&#8221;||position:relative;||&#8221; custom_css_blurb_image=&#8221;margin-bottom:0px;||&#8221; custom_css_blurb_title=&#8221;color:var(&#8211;color-2) !important;&#8221; border_width_bottom=&#8221;1px&#8221; border_color_bottom=&#8221;#ddd&#8221; icon_font_size=&#8221;15px&#8221; global_colors_info=&#8221;{}&#8221;]<\/p>\n<p data-placeholder=\"Translation\" id=\"tw-target-text\" dir=\"ltr\"><span lang=\"sv\">Rickson Oy Ab <\/span><\/p>\n<p data-placeholder=\"Translation\" dir=\"ltr\"><span lang=\"sv\">ID: 2068842-0<\/span><\/p>\n<p>[\/et_pb_blurb][\/et_pb_column][\/et_pb_row][et_pb_row disabled_on=&#8221;off|off|on&#8221; _builder_version=&#8221;4.17.0&#8243; _module_preset=&#8221;default&#8221; global_colors_info=&#8221;{}&#8221;][et_pb_column type=&#8221;4_4&#8243; _builder_version=&#8221;4.17.0&#8243; _module_preset=&#8221;default&#8221; global_colors_info=&#8221;{}&#8221;][et_pb_team_member name=&#8221;Rick Eriksson&#8221; position=&#8221;F\u00f6retagare&#8221; image_url=&#8221;https:\/\/sipoonautovuokraamo.fi\/wp-content\/uploads\/2022\/04\/Rick-Eriksson.jpg&#8221; _builder_version=&#8221;4.17.0&#8243; _module_preset=&#8221;default&#8221; global_colors_info=&#8221;{}&#8221;][\/et_pb_team_member][\/et_pb_column][\/et_pb_row][et_pb_row use_custom_gutter=&#8221;on&#8221; make_equal=&#8221;on&#8221; _builder_version=&#8221;4.16&#8243; max_width=&#8221;1170px&#8221; global_colors_info=&#8221;{}&#8221;][et_pb_column type=&#8221;4_4&#8243; _builder_version=&#8221;4.16&#8243; custom_padding=&#8221;40px|40px||40px|false|true&#8221; custom_padding_tablet=&#8221;20px|20px|20px|20px|true|true&#8221; custom_padding_phone=&#8221;20px|20px|20px|20px|true|true&#8221; custom_padding_last_edited=&#8221;on|phone&#8221; custom_css_main_element=&#8221;border: 1px solid||#dddddd;||||border-radius: 4px;||||&#8221; global_colors_info=&#8221;{}&#8221;][et_pb_code _builder_version=&#8221;4.16&#8243; global_colors_info=&#8221;{}&#8221;]<iframe loading=\"lazy\" src=\"https:\/\/www.google.com\/maps\/embed?pb=!1m18!1m12!1m3!1d1972.4001414949457!2d25.28976861667986!3d60.37254958203595!2m3!1f0!2f0!3f0!3m2!1i1024!2i768!4f13.1!3m3!1m2!1s0x4692023655d69e81%3A0x7a116e79e88879ca!2sSipoon%20autovuokraamo!5e0!3m2!1sen!2sfi!4v1645007776992!5m2!1sen!2sfi\" width=\"100%\" height=\"550\" frameborder=\"0\" style=\"border:0\"><\/iframe>[\/et_pb_code][\/et_pb_column][\/et_pb_row][\/et_pb_section]<\/p>\n","protected":false},"excerpt":{"rendered":"<p>Kontaktinformation&nbsp; Skicka ett meddelande+358 45 122 6881info@sipoonautovuokraamo.fiNickbyv\u00e4gen 3904130 SipooM\u00e5n-fre: kl. 09.00 till 19.00L\u00f6r-s\u00f6n: kl. 09.00 till 18.00 Vi \u00f6verl\u00e5ter bilar ocks\u00e5 utanf\u00f6r dessa tider.Rickson Oy Ab ID: 2068842-0<\/p>\n","protected":false},"author":1,"featured_media":0,"parent":0,"menu_order":0,"comment_status":"closed","ping_status":"closed","template":"","meta":{"_et_pb_use_builder":"on","_et_pb_old_content":"","_et_gb_content_width":""},"yoast_head":"<!-- This site is optimized with the Yoast SEO plugin v20.8 - https:\/\/yoast.com\/wordpress\/plugins\/seo\/ -->\n<title>Kontakt - Sipoonautovuokraamo<\/title>\n<meta name=\"robots\" content=\"index, follow, max-snippet:-1, max-image-preview:large, max-video-preview:-1\" \/>\n<link rel=\"canonical\" href=\"https:\/\/sipoonautovuokraamo.fi\/sv\/kontakt\/\" \/>\n<meta property=\"og:locale\" content=\"sv_SE\" \/>\n<meta property=\"og:type\" content=\"article\" \/>\n<meta property=\"og:title\" content=\"Kontakt - Sipoonautovuokraamo\" \/>\n<meta property=\"og:description\" content=\"Kontaktinformation&nbsp; Skicka ett meddelande+358 45 122 6881info@sipoonautovuokraamo.fiNickbyv\u00e4gen 3904130 SipooM\u00e5n-fre: kl. 09.00 till 19.00L\u00f6r-s\u00f6n: kl. 09.00 till 18.00 Vi \u00f6verl\u00e5ter bilar ocks\u00e5 utanf\u00f6r dessa tider.Rickson Oy Ab ID: 2068842-0\" \/>\n<meta property=\"og:url\" content=\"https:\/\/sipoonautovuokraamo.fi\/sv\/kontakt\/\" \/>\n<meta property=\"og:site_name\" content=\"Sipoonautovuokraamo\" \/>\n<meta property=\"article:modified_time\" content=\"2024-04-22T13:09:07+00:00\" \/>\n<meta name=\"twitter:card\" content=\"summary_large_image\" \/>\n<meta name=\"twitter:label1\" content=\"Ber\u00e4knad l\u00e4stid\" \/>\n\t<meta name=\"twitter:data1\" content=\"10 minuter\" \/>\n<script type=\"application\/ld+json\" class=\"yoast-schema-graph\">{\"@context\":\"https:\/\/schema.org\",\"@graph\":[{\"@type\":\"WebPage\",\"@id\":\"https:\/\/sipoonautovuokraamo.fi\/sv\/kontakt\/\",\"url\":\"https:\/\/sipoonautovuokraamo.fi\/sv\/kontakt\/\",\"name\":\"Kontakt - Sipoonautovuokraamo\",\"isPartOf\":{\"@id\":\"https:\/\/sipoonautovuokraamo.fi\/sv\/#website\"},\"datePublished\":\"2019-09-13T11:20:23+00:00\",\"dateModified\":\"2024-04-22T13:09:07+00:00\",\"breadcrumb\":{\"@id\":\"https:\/\/sipoonautovuokraamo.fi\/sv\/kontakt\/#breadcrumb\"},\"inLanguage\":\"sv-SE\",\"potentialAction\":[{\"@type\":\"ReadAction\",\"target\":[\"https:\/\/sipoonautovuokraamo.fi\/sv\/kontakt\/\"]}]},{\"@type\":\"BreadcrumbList\",\"@id\":\"https:\/\/sipoonautovuokraamo.fi\/sv\/kontakt\/#breadcrumb\",\"itemListElement\":[{\"@type\":\"ListItem\",\"position\":1,\"name\":\"Etusivu\",\"item\":\"https:\/\/sipoonautovuokraamo.fi\/sv\/\"},{\"@type\":\"ListItem\",\"position\":2,\"name\":\"Kontakt\"}]},{\"@type\":\"WebSite\",\"@id\":\"https:\/\/sipoonautovuokraamo.fi\/sv\/#website\",\"url\":\"https:\/\/sipoonautovuokraamo.fi\/sv\/\",\"name\":\"Sipoonautovuokraamo\",\"description\":\"Pakettiautot, matkailuautot ja per\u00e4k\u00e4rryt\",\"publisher\":{\"@id\":\"https:\/\/sipoonautovuokraamo.fi\/sv\/#organization\"},\"potentialAction\":[{\"@type\":\"SearchAction\",\"target\":{\"@type\":\"EntryPoint\",\"urlTemplate\":\"https:\/\/sipoonautovuokraamo.fi\/sv\/?s={search_term_string}\"},\"query-input\":\"required name=search_term_string\"}],\"inLanguage\":\"sv-SE\"},{\"@type\":\"Organization\",\"@id\":\"https:\/\/sipoonautovuokraamo.fi\/sv\/#organization\",\"name\":\"Sipoonautovuokraamo\",\"url\":\"https:\/\/sipoonautovuokraamo.fi\/sv\/\",\"logo\":{\"@type\":\"ImageObject\",\"inLanguage\":\"sv-SE\",\"@id\":\"https:\/\/sipoonautovuokraamo.fi\/sv\/#\/schema\/logo\/image\/\",\"url\":\"https:\/\/sipoonautovuokraamo.fi\/wp-content\/uploads\/2022\/04\/Sipoonautovuokraamo.png\",\"contentUrl\":\"https:\/\/sipoonautovuokraamo.fi\/wp-content\/uploads\/2022\/04\/Sipoonautovuokraamo.png\",\"width\":1500,\"height\":360,\"caption\":\"Sipoonautovuokraamo\"},\"image\":{\"@id\":\"https:\/\/sipoonautovuokraamo.fi\/sv\/#\/schema\/logo\/image\/\"}}]}<\/script>\n<!-- \/ Yoast SEO plugin. -->","yoast_head_json":{"title":"Kontakt - Sipoonautovuokraamo","robots":{"index":"index","follow":"follow","max-snippet":"max-snippet:-1","max-image-preview":"max-image-preview:large","max-video-preview":"max-video-preview:-1"},"canonical":"https:\/\/sipoonautovuokraamo.fi\/sv\/kontakt\/","og_locale":"sv_SE","og_type":"article","og_title":"Kontakt - Sipoonautovuokraamo","og_description":"Kontaktinformation&nbsp; Skicka ett meddelande+358 45 122 6881info@sipoonautovuokraamo.fiNickbyv\u00e4gen 3904130 SipooM\u00e5n-fre: kl. 09.00 till 19.00L\u00f6r-s\u00f6n: kl. 09.00 till 18.00 Vi \u00f6verl\u00e5ter bilar ocks\u00e5 utanf\u00f6r dessa tider.Rickson Oy Ab ID: 2068842-0","og_url":"https:\/\/sipoonautovuokraamo.fi\/sv\/kontakt\/","og_site_name":"Sipoonautovuokraamo","article_modified_time":"2024-04-22T13:09:07+00:00","twitter_card":"summary_large_image","twitter_misc":{"Ber\u00e4knad l\u00e4stid":"10 minuter"},"schema":{"@context":"https:\/\/schema.org","@graph":[{"@type":"WebPage","@id":"https:\/\/sipoonautovuokraamo.fi\/sv\/kontakt\/","url":"https:\/\/sipoonautovuokraamo.fi\/sv\/kontakt\/","name":"Kontakt - Sipoonautovuokraamo","isPartOf":{"@id":"https:\/\/sipoonautovuokraamo.fi\/sv\/#website"},"datePublished":"2019-09-13T11:20:23+00:00","dateModified":"2024-04-22T13:09:07+00:00","breadcrumb":{"@id":"https:\/\/sipoonautovuokraamo.fi\/sv\/kontakt\/#breadcrumb"},"inLanguage":"sv-SE","potentialAction":[{"@type":"ReadAction","target":["https:\/\/sipoonautovuokraamo.fi\/sv\/kontakt\/"]}]},{"@type":"BreadcrumbList","@id":"https:\/\/sipoonautovuokraamo.fi\/sv\/kontakt\/#breadcrumb","itemListElement":[{"@type":"ListItem","position":1,"name":"Etusivu","item":"https:\/\/sipoonautovuokraamo.fi\/sv\/"},{"@type":"ListItem","position":2,"name":"Kontakt"}]},{"@type":"WebSite","@id":"https:\/\/sipoonautovuokraamo.fi\/sv\/#website","url":"https:\/\/sipoonautovuokraamo.fi\/sv\/","name":"Sipoonautovuokraamo","description":"Pakettiautot, matkailuautot ja per\u00e4k\u00e4rryt","publisher":{"@id":"https:\/\/sipoonautovuokraamo.fi\/sv\/#organization"},"potentialAction":[{"@type":"SearchAction","target":{"@type":"EntryPoint","urlTemplate":"https:\/\/sipoonautovuokraamo.fi\/sv\/?s={search_term_string}"},"query-input":"required name=search_term_string"}],"inLanguage":"sv-SE"},{"@type":"Organization","@id":"https:\/\/sipoonautovuokraamo.fi\/sv\/#organization","name":"Sipoonautovuokraamo","url":"https:\/\/sipoonautovuokraamo.fi\/sv\/","logo":{"@type":"ImageObject","inLanguage":"sv-SE","@id":"https:\/\/sipoonautovuokraamo.fi\/sv\/#\/schema\/logo\/image\/","url":"https:\/\/sipoonautovuokraamo.fi\/wp-content\/uploads\/2022\/04\/Sipoonautovuokraamo.png","contentUrl":"https:\/\/sipoonautovuokraamo.fi\/wp-content\/uploads\/2022\/04\/Sipoonautovuokraamo.png","width":1500,"height":360,"caption":"Sipoonautovuokraamo"},"image":{"@id":"https:\/\/sipoonautovuokraamo.fi\/sv\/#\/schema\/logo\/image\/"}}]}},"_links":{"self":[{"href":"https:\/\/sipoonautovuokraamo.fi\/sv\/wp-json\/wp\/v2\/pages\/105806"}],"collection":[{"href":"https:\/\/sipoonautovuokraamo.fi\/sv\/wp-json\/wp\/v2\/pages"}],"about":[{"href":"https:\/\/sipoonautovuokraamo.fi\/sv\/wp-json\/wp\/v2\/types\/page"}],"author":[{"embeddable":true,"href":"https:\/\/sipoonautovuokraamo.fi\/sv\/wp-json\/wp\/v2\/users\/1"}],"replies":[{"embeddable":true,"href":"https:\/\/sipoonautovuokraamo.fi\/sv\/wp-json\/wp\/v2\/comments?post=105806"}],"version-history":[{"count":12,"href":"https:\/\/sipoonautovuokraamo.fi\/sv\/wp-json\/wp\/v2\/pages\/105806\/revisions"}],"predecessor-version":[{"id":108769,"href":"https:\/\/sipoonautovuokraamo.fi\/sv\/wp-json\/wp\/v2\/pages\/105806\/revisions\/108769"}],"wp:attachment":[{"href":"https:\/\/sipoonautovuokraamo.fi\/sv\/wp-json\/wp\/v2\/media?parent=105806"}],"curies":[{"name":"wp","href":"https:\/\/api.w.org\/{rel}","templated":true}]}}